{"id":3,"date":"2024-11-05T14:32:07","date_gmt":"2024-11-05T14:32:07","guid":{"rendered":"https:\/\/gme.axemalab.com\/?page_id=3"},"modified":"2025-05-15T11:19:39","modified_gmt":"2025-05-15T11:19:39","slug":"privacy-policy-3","status":"publish","type":"page","link":"https:\/\/gme.axemalab.com\/?page_id=3","title":{"rendered":"Privacy Policy"},"content":{"rendered":"\t\t<div data-elementor-type=\"wp-page\" data-elementor-id=\"3\" class=\"elementor elementor-3\">\n\t\t\t\t<div class=\"elementor-element elementor-element-72f75c53 e-flex e-con-boxed ecomus-responsive-column ecomus-tablet-column--default ecomus-responsive-column ecomus-mobile-column--default ecomus-responsive-column ecomus-motion--var(--position) wpr-particle-no wpr-jarallax-no wpr-parallax-no wpr-sticky-section-no e-con e-parent\" data-id=\"72f75c53\" data-element_type=\"container\" data-settings=\"{&quot;background_background&quot;:&quot;classic&quot;}\">\n\t\t\t\t\t<div class=\"e-con-inner\">\n\t\t\t\t<div class=\"elementor-element elementor-element-944b93b elementor-widget elementor-widget-ecomus-heading\" data-id=\"944b93b\" data-element_type=\"widget\" data-widget_type=\"ecomus-heading.default\">\n\t\t\t\t<div class=\"elementor-widget-container\">\n\t\t\t\t\t\t\t<div class=\"ecomus-heading-elementor\">\n\t\t\t\t<h3 class=\"ecomus-heading em-flex em-flex-align-center ecomus-heading--default\">\n\t\t\t\t\t\t\t\t\t\tPrivacy Policy\t\t\t\t<\/h3>\n\t\t\t<\/div>\n\t\t\t\t\t\t<\/div>\n\t\t\t\t<\/div>\n\t\t\t\t\t<\/div>\n\t\t\t\t<\/div>\n\t\t<div class=\"elementor-element elementor-element-3c3c770 e-flex e-con-boxed ecomus-responsive-column ecomus-tablet-column--default ecomus-responsive-column ecomus-mobile-column--default ecomus-responsive-column ecomus-motion--var(--position) wpr-particle-no wpr-jarallax-no wpr-parallax-no wpr-sticky-section-no e-con e-parent\" data-id=\"3c3c770\" data-element_type=\"container\">\n\t\t\t\t\t<div class=\"e-con-inner\">\n\t\t\t\t<div class=\"elementor-element elementor-element-857b3d9 elementor-widget elementor-widget-text-editor\" data-id=\"857b3d9\" data-element_type=\"widget\" data-widget_type=\"text-editor.default\">\n\t\t\t\t<div class=\"elementor-widget-container\"><p>La societ\u00e0 GME Distribuzione S.r.l. con Via Miliscola 378 \u2013 80078 Pozzuoli (NA) ideatore e promotore delle attivit\u00e0 disponibili nel sito<span class=\"s1\"> www.enotecamerone.it <\/span>si riserva il diritto di utilizzare i dati personali, forniti volontariamente dagli Utenti, nel rispetto delle vigenti normative (art 13 e ss. D. Lgs. 196\/2003 e\u00a0 Regolamento Europeo n.679\/2016 relativo alla protezione delle persone fisiche con riguardo al trattamento dei dati personali (GDPR)).<\/p>\n<p>Si invitano pertanto gli Utenti a visitare periodicamente questa sezione per aggiornarsi su variazioni relative a modifiche della legislazione attuale.<\/p>\n<p>La societ\u00e0 GME Distribuzione S.r.l.\u00a0garantisce agli utenti che il trattamento dei dati personali sar\u00e0 riservato ad utilizzi strettamente connessi e correlati alla prestazione dei propri servizi, alla facilitazione della gestione del sito e dell\u2019evasione degli ordini.<\/p>\n<p>I dati volontariamente forniti dagli Utenti, non saranno in nessun caso comunicati o diffusi a terzi. In caso di pagamento con carta di credito, le informazioni fondamentali per l\u2019esecuzione della transazione (numero della carta di credito\/debito, data di scadenza, codice di sicurezza) saranno inviate all\u2019ente responsabile del trattamento o eventualmente a societ\u00e0 responsabili del controllo frodi, tramite protocollo crittografato, senza che terzi possano, in alcun modo, avervi accesso. Queste informazioni non saranno comunque mai visualizzate n\u00e9 memorizzate da parte del Venditore.<\/p>\n<p>La societ\u00e0 GME Distribuzione S.r.l.\u00a0adotta misure di sicurezza adeguate al fine di ridurre al minimo i rischi di distruzione o di perdita dei dati, di accesso non autorizzato o di trattamento non consentito o non conforme alle finalit\u00e0 di raccolta indicate nella nostra Privacy Policy.<\/p>\n<p>Tuttavia la societ\u00e0 GME Distribuzione S.r.l.\u00a0non pu\u00f2 garantire ai propri utenti che le misure adottate per la sicurezza del sito e della trasmissione dei dati e delle informazioni sul sito siano in grado di limitare o escludere qualsiasi rischio di accesso non consentito o di dispersione dei dati da parte di dispositivi di pertinenza dell\u2019utente. Per tale motivo, suggeriamo agli utenti del sito di assicurarsi che il proprio computer sia dotato di software adeguati per la protezione della trasmissione in rete di dati (ad esempio antivirus aggiornati) e che il proprio Internet provider abbia adottato misure idonee per la sicurezza della trasmissione di dati in rete.<br \/>La societ\u00e0 GME Distribuzione S.r.l.\u00a0informa che gli Utenti possono esercitare i diritti di cui all\u2019articolo 7 D. Lgs. 196\/2003 e successive modifiche (Regolamento Europeo n.679\/2016), qui di seguito riportato nella sua parte essenziale.<\/p>\n<p><strong>Gli Utenti hanno il diritto di richiedere le seguenti informazioni:<\/strong><br \/>La conferma dell\u2019esistenza o meno di dati personali che lo riguardano<br \/>La chiara comunicazione dei dati e della loro provenienza<br \/>Il motivo e la finalit\u00e0 della loro esistenza e del loro utilizzo<\/p>\n<p>La richiesta delle informazioni sopra elencate pu\u00f2 essere rinnovata con un intervallo minimo di 90 giorni, fatta eccezione per quei casi ove sussista giusta causa: cancellazione o modifica di tali dati a causa di violazione della legge; cancellazione di quei dati che non sono utilizzabili per i motivi per i quali sono stati raccolti.<\/p>\n<p><strong>Titolare del Trattamento dei Dati:<\/strong><\/p>\n<p>La societ\u00e0 GME Distribuzione S.r.l. con Via Miliscola 378 \u2013 80078 Pozzuoli (NA)<br \/>Indirizzo email del Titolare: info@enotecamerone.it<br \/>Informazioni fornite da La societ\u00e0 GME Distribuzione S.r.l. <strong>\u00a0<\/strong>ai sensi dell\u2019art.13 del Codice della Privacy e del Regolamento Europeo n.679\/2016. Rispetto alle informazioni raccolte dai cookie installati direttamente dai Siti, GME Distribuzione S.r.l., in qualit\u00e0 di titolare del trattamento, precisa quanto segue:<\/p>\n<p><strong>I dati sono raccolti solo per le finalit\u00e0 e per la durata indicate nelle tabelle che precedono e sono trattati con modalit\u00e0 informatiche;<\/strong><\/p>\n<p>Per quanto riguarda i cookie \u201ctecnici\u201d, come sopra indicati, si ribadisce che l\u2019utilizzo di tali cookie non richiede il consenso preventivo dell\u2019Utente poich\u00e9 si tratta di cookie necessari a consentire la navigazione all\u2019interno dei Siti e il corretto funzionamento dei Siti medesimi. In caso di rimozione dei cookie tecnici attraverso le impostazioni del browser, la navigazione all\u2019interno dei Siti potrebbe non essere, in tutto o in parte, possibile;<\/p>\n<p>I dati raccolti dai cookie di prima parte potranno essere comunicati a soggetti che agiscono per conto di GME Distribuzione S.r.l.\u00a0in qualit\u00e0 di responsabili o incaricati del trattamento, per finalit\u00e0 connesse a quelle sopra descritte. Rispetto a tali dati, si ricorda all\u2019utente che pu\u00f2 esercitare i diritti di cui all\u2019art.7 del Codice della Privacy, come meglio descritti nella Informativa sul trattamento dei dati personali disponibile selezionando il link \u201cPrivacy Policy\u201d presente nel footer di ciascuna pagina dei Siti.<\/p>\n<p>Infine, con riferimento ai cookie di terze parti, si ricorda che le finalit\u00e0 di tali cookie, le logiche sottese ai relativi trattamenti nonch\u00e9 la gestione delle preferenze dell\u2019utente rispetto ai cookie medesimi non sono determinate e\/o verificate da questo spazio online, ma dal soggetto terzo che li fornisce, in qualit\u00e0 di fornitore e titolare del trattamento, come indicato nella tabella sopra riportata. Tuttavia, indipendentemente dal fatto che questo spazio online ritenga che l\u2019utente abbia validamente espresso il proprio consenso all\u2019installazione dei cookie, anche di terzi, questo spazio online si impegna a fornire supporto all\u2019utente che ne faccia richiesta \u2013 presso le informazioni di contatto indicate \u2013 circa le modalit\u00e0 per esercitare il proprio consenso \/diniego selettivo ovvero per cancellare i cookie dal proprio browser.<\/p>\t\t\t\t\t\t\t\t<\/div>\n\t\t\t\t<\/div>\n\t\t\t\t\t<\/div>\n\t\t\t\t<\/div>\t\t<\/div>\n\t\t","protected":false},"excerpt":{"rendered":"<p>Privacy Policy La societ\u00e0 GME Distribuzione S.r.l. con Via Miliscola 378 \u2013 80078 Pozzuoli (NA) ideatore e promotore delle attivit\u00e0 disponibili nel sito www.enotecamerone.it si riserva il diritto di utilizzare i dati personali, forniti volontariamente dagli Utenti, nel rispetto delle vigenti normative (art 13 e ss. D. Lgs. 196\/2003 e\u00a0 Regolamento Europeo n.679\/2016 relativo alla protezione delle persone fisiche con riguardo al trattamento dei dati personali (GDPR)). Si invitano pertanto gli Utenti a visitare periodicamente questa sezione per aggiornarsi su variazioni relative a modifiche della legislazione attuale. La societ\u00e0 GME Distribuzione S.r.l.\u00a0garantisce agli utenti che il trattamento dei dati personali sar\u00e0 riservato ad utilizzi strettamente connessi e correlati alla prestazione dei propri servizi, alla facilitazione della gestione del sito e dell\u2019evasione degli ordini. I dati volontariamente forniti dagli Utenti, non saranno in nessun caso comunicati o diffusi a terzi. In caso di pagamento con carta di credito, le informazioni fondamentali per l\u2019esecuzione della transazione (numero della carta di credito\/debito, data di scadenza, codice di sicurezza) saranno inviate all\u2019ente responsabile del trattamento o eventualmente a societ\u00e0 responsabili del controllo frodi, tramite protocollo crittografato, senza che terzi possano, in alcun modo, avervi accesso. Queste informazioni non saranno comunque mai visualizzate n\u00e9 memorizzate da parte del Venditore. La societ\u00e0 GME Distribuzione S.r.l.\u00a0adotta misure di sicurezza adeguate al fine di ridurre al minimo i rischi di distruzione o di perdita dei dati, di accesso non autorizzato o di trattamento non consentito o non conforme alle finalit\u00e0 di raccolta indicate nella nostra Privacy Policy. Tuttavia la societ\u00e0 GME Distribuzione S.r.l.\u00a0non pu\u00f2 garantire ai propri utenti che le misure adottate per la sicurezza del sito e della trasmissione dei dati e delle informazioni sul sito siano in grado di limitare o escludere qualsiasi rischio di accesso non consentito o di dispersione dei dati da parte di dispositivi di pertinenza dell\u2019utente. Per tale motivo, suggeriamo agli utenti del sito di assicurarsi che il proprio computer sia dotato di software adeguati per la protezione della trasmissione in rete di dati (ad esempio antivirus aggiornati) e che il proprio Internet provider abbia adottato misure idonee per la sicurezza della trasmissione di dati in rete.La societ\u00e0 GME Distribuzione S.r.l.\u00a0informa che gli Utenti possono esercitare i diritti di cui all\u2019articolo 7 D. Lgs. 196\/2003 e successive modifiche (Regolamento Europeo n.679\/2016), qui di seguito riportato nella sua parte essenziale. Gli Utenti hanno il diritto di richiedere le seguenti informazioni:La conferma dell\u2019esistenza o meno di dati personali che lo riguardanoLa chiara comunicazione dei dati e della loro provenienzaIl motivo e la finalit\u00e0 della loro esistenza e del loro utilizzo La richiesta delle informazioni sopra elencate pu\u00f2 essere rinnovata con un intervallo minimo di 90 giorni, fatta eccezione per quei casi ove sussista giusta causa: cancellazione o modifica di tali dati a causa di violazione della legge; cancellazione di quei dati che non sono utilizzabili per i motivi per i quali sono stati raccolti. Titolare del Trattamento dei Dati: La societ\u00e0 GME Distribuzione S.r.l. con Via Miliscola 378 \u2013 80078 Pozzuoli (NA)Indirizzo email del Titolare: info@enotecamerone.itInformazioni fornite da La societ\u00e0 GME Distribuzione S.r.l. \u00a0ai sensi dell\u2019art.13 del Codice della Privacy e del Regolamento Europeo n.679\/2016. Rispetto alle informazioni raccolte dai cookie installati direttamente dai Siti, GME Distribuzione S.r.l., in qualit\u00e0 di titolare del trattamento, precisa quanto segue: I dati sono raccolti solo per le finalit\u00e0 e per la durata indicate nelle tabelle che precedono e sono trattati con modalit\u00e0 informatiche; Per quanto riguarda i cookie \u201ctecnici\u201d, come sopra indicati, si ribadisce che l\u2019utilizzo di tali cookie non richiede il consenso preventivo dell\u2019Utente poich\u00e9 si tratta di cookie necessari a consentire la navigazione all\u2019interno dei Siti e il corretto funzionamento dei Siti medesimi. In caso di rimozione dei cookie tecnici attraverso le impostazioni del browser, la navigazione all\u2019interno dei Siti potrebbe non essere, in tutto o in parte, possibile; I dati raccolti dai cookie di prima parte potranno essere comunicati a soggetti che agiscono per conto di GME Distribuzione S.r.l.\u00a0in qualit\u00e0 di responsabili o incaricati del trattamento, per finalit\u00e0 connesse a quelle sopra descritte. Rispetto a tali dati, si ricorda all\u2019utente che pu\u00f2 esercitare i diritti di cui all\u2019art.7 del Codice della Privacy, come meglio descritti nella Informativa sul trattamento dei dati personali disponibile selezionando il link \u201cPrivacy Policy\u201d presente nel footer di ciascuna pagina dei Siti. Infine, con riferimento ai cookie di terze parti, si ricorda che le finalit\u00e0 di tali cookie, le logiche sottese ai relativi trattamenti nonch\u00e9 la gestione delle preferenze dell\u2019utente rispetto ai cookie medesimi non sono determinate e\/o verificate da questo spazio online, ma dal soggetto terzo che li fornisce, in qualit\u00e0 di fornitore e titolare del trattamento, come indicato nella tabella sopra riportata. Tuttavia, indipendentemente dal fatto che questo spazio online ritenga che l\u2019utente abbia validamente espresso il proprio consenso all\u2019installazione dei cookie, anche di terzi, questo spazio online si impegna a fornire supporto all\u2019utente che ne faccia richiesta \u2013 presso le informazioni di contatto indicate \u2013 circa le modalit\u00e0 per esercitare il proprio consenso \/diniego selettivo ovvero per cancellare i cookie dal proprio browser.<\/p>\n","protected":false},"author":1,"featured_media":0,"parent":0,"menu_order":0,"comment_status":"closed","ping_status":"closed","template":"","meta":{"_joinchat":[],"footnotes":""},"class_list":["post-3","page","type-page","status-publish","hentry"],"acf":[],"_links":{"self":[{"href":"https:\/\/gme.axemalab.com\/index.php?rest_route=\/wp\/v2\/pages\/3","targetHints":{"allow":["GET"]}}],"collection":[{"href":"https:\/\/gme.axemalab.com\/index.php?rest_route=\/wp\/v2\/pages"}],"about":[{"href":"https:\/\/gme.axemalab.com\/index.php?rest_route=\/wp\/v2\/types\/page"}],"author":[{"embeddable":true,"href":"https:\/\/gme.axemalab.com\/index.php?rest_route=\/wp\/v2\/users\/1"}],"replies":[{"embeddable":true,"href":"https:\/\/gme.axemalab.com\/index.php?rest_route=%2Fwp%2Fv2%2Fcomments&post=3"}],"version-history":[{"count":7,"href":"https:\/\/gme.axemalab.com\/index.php?rest_route=\/wp\/v2\/pages\/3\/revisions"}],"predecessor-version":[{"id":36850,"href":"https:\/\/gme.axemalab.com\/index.php?rest_route=\/wp\/v2\/pages\/3\/revisions\/36850"}],"wp:attachment":[{"href":"https:\/\/gme.axemalab.com\/index.php?rest_route=%2Fwp%2Fv2%2Fmedia&parent=3"}],"curies":[{"name":"wp","href":"https:\/\/api.w.org\/{rel}","templated":true}]}}