{"id":7664,"date":"2024-11-26T10:25:32","date_gmt":"2024-11-26T10:25:32","guid":{"rendered":"https:\/\/gme.axemalab.com\/?page_id=7664"},"modified":"2025-05-15T11:22:09","modified_gmt":"2025-05-15T11:22:09","slug":"termini-e-condizioni","status":"publish","type":"page","link":"https:\/\/gme.axemalab.com\/?page_id=7664","title":{"rendered":"Termini e Condizioni"},"content":{"rendered":"\t\t<div data-elementor-type=\"wp-page\" data-elementor-id=\"7664\" class=\"elementor elementor-7664\">\n\t\t\t\t<div class=\"elementor-element elementor-element-72f75c53 e-flex e-con-boxed ecomus-responsive-column ecomus-tablet-column--default ecomus-responsive-column ecomus-mobile-column--default ecomus-responsive-column ecomus-motion--var(--position) wpr-particle-no wpr-jarallax-no wpr-parallax-no wpr-sticky-section-no e-con e-parent\" data-id=\"72f75c53\" data-element_type=\"container\" data-settings=\"{&quot;background_background&quot;:&quot;classic&quot;}\">\n\t\t\t\t\t<div class=\"e-con-inner\">\n\t\t\t\t<div class=\"elementor-element elementor-element-944b93b elementor-widget elementor-widget-ecomus-heading\" data-id=\"944b93b\" data-element_type=\"widget\" data-widget_type=\"ecomus-heading.default\">\n\t\t\t\t<div class=\"elementor-widget-container\">\n\t\t\t\t\t\t\t<div class=\"ecomus-heading-elementor\">\n\t\t\t\t<h3 class=\"ecomus-heading em-flex em-flex-align-center ecomus-heading--default\">\n\t\t\t\t\t\t\t\t\t\tTermini e Condizioni\t\t\t\t<\/h3>\n\t\t\t<\/div>\n\t\t\t\t\t\t<\/div>\n\t\t\t\t<\/div>\n\t\t\t\t\t<\/div>\n\t\t\t\t<\/div>\n\t\t<div class=\"elementor-element elementor-element-3c3c770 e-flex e-con-boxed ecomus-responsive-column ecomus-tablet-column--default ecomus-responsive-column ecomus-mobile-column--default ecomus-responsive-column ecomus-motion--var(--position) wpr-particle-no wpr-jarallax-no wpr-parallax-no wpr-sticky-section-no e-con e-parent\" data-id=\"3c3c770\" data-element_type=\"container\">\n\t\t\t\t\t<div class=\"e-con-inner\">\n\t\t\t\t<div class=\"elementor-element elementor-element-857b3d9 elementor-widget elementor-widget-text-editor\" data-id=\"857b3d9\" data-element_type=\"widget\" data-widget_type=\"text-editor.default\">\n\t\t\t\t<div class=\"elementor-widget-container\"><p class=\"p1\"><strong>Propriet\u00e0 intellettuale<\/strong><br \/>I marchi, i nomi, i contenuti testuali e grafici, le illustrazioni e le immagini riprodotte sul Sito non possono essere utilizzati se non in ambito esclusivamente privato. Ogni riproduzione totale o parziale del Sito \u00e8 severamente vietata, e dall\u2019accesso al Sito o dall\u2019acquisto dei Prodotti non deriva nessun diritto sui contenuti e marchi riprodotti sul Sito stesso.<\/p>\n<p>\u00a0<\/p>\n<p><strong>Articoli ed immagini on-line<\/strong><br \/>La societ\u00e0 GME Distribuzione S.r.l.\u00a0declina ogni responsabilit\u00e0 circa la possibilit\u00e0 che, a causa di una particolare configurazione del computer utilizzato dal Cliente o di un suo malfunzionamento, i colori dei prodotti visualizzati sul sito presentino leggere differenze rispetto a quelli originali.<\/p>\n<p class=\"p1\">Le immagini contenute sul sito www.enotecamerone.it sono di esclusiva propriet\u00e0 di GME Distribuzione S.r.l. e ogni utilizzo di tali immagini, non autorizzato da un consenso scritto della societ\u00e0 GME Distribuzione S.r.l., sar\u00e0 perseguito a norma di legge. Per maggiori informazioni contattare: info@enotecamerone.it<\/p>\n<p>\u00a0<\/p>\n<p><strong>Trattamento dei dati personali<\/strong><br \/>Informativa sul trattamento dei dati personali ai sensi dell\u2019art. 13 del Regolamento Europeo n.679\/2016 relativo alla protezione delle persone fisiche con riguardo al trattamento dei dati personali (GDPR) e dell\u2019art. 13 D.lgs 196\/2003 \u2013 Codice in materia di protezione dei dati personali.<\/p>\n<p>\u00a0<\/p>\n<p><strong>Titolare del Trattamento<\/strong><br \/>Titolare del trattamento dei dati personali del partecipante \u00e8 la GME Distribuzione S.r.l. con Via Miliscola 378 \u2013 80078 Pozzuoli (NA)<\/p>\n<p>Il Titolare del trattamento garantisce la massima riservatezza nel trattamento dei dati personali, in conformit\u00e0 a quanto stabilito dalla normativa vigente in materia di protezione dei dati personali.<\/p>\n<p>Specifiche misure di sicurezza sono osservate per prevenire la perdita dei dati, usi illeciti o non concessi ed accessi non autorizzati.<\/p>\n<p>\u00a0<\/p>\n<p><strong>Finalit\u00e0 del trattamento<\/strong><br \/>I dati personali dell\u2019interessato saranno trattati per finalit\u00e0 strettamente connesse all\u2019acquisto del prodotto. In particolare: a) gestione ed esecuzione del rapporto contrattuale e dei relativi adempimenti; b) adempimento ad obblighi previsti da leggi, da regolamenti, dalla normativa comunitaria, nonch\u00e9 dalle istruzioni predisposte dalle autorit\u00e0 e dagli organi di vigilanza.<\/p>\n<p>\u00a0<\/p>\n<p><strong>Destinatari del trattamento<\/strong><br \/>I dati non saranno diffusi e potranno essere conosciuti, nei limiti necessari e per le finalit\u00e0 indicate, da dipendenti e collaboratori, in quanto incaricati o responsabili, nonch\u00e9 comunicati a soggetti esterni, quali ad esempio societ\u00e0 appartenenti al gruppo GME Distribuzione S.r.l. in Italia e in Europa, fornitori, corrieri, istituti bancari e societ\u00e0 che trattano dati per conto del titolare e di cui GME Distribuzione S.r.l. potrebbe avvalersi nell\u2019ambito della gestione del rapporto contrattuale e del servizio fornito ovvero per esigenze organizzative della propria attivit\u00e0. Tali soggetti sono stati nominati responsabili del trattamento.<\/p>\n<p>Il Titolare assicura sin d\u2019ora che l\u2019eventuale trasferimento dei dati extra-UE avverr\u00e0 in conformit\u00e0 all\u2019 art. 44 ss. del Regolamento ed alle disposizioni di legge applicabili stipulando, se necessario, accordi che garantiscano un livello di protezione adeguato.<\/p>\n<p>\u00a0<\/p>\n<p><strong>Tipologia di dati trattati<\/strong><br \/>Il Titolare tratta i dati personali necessari all\u2019acquisto del prodotto in particolare nome e cognome, dati di contatto quali indirizzo e-mail e numero di cellulare, indirizzo di residenza o domicilio.<\/p>\n<p>Il Titolare potr\u00e0 inoltre salvare i cookies, come descritto pi\u00f9 dettagliatamente nella sezione\u00a0<span class=\"s1\">\u201cPrivacy Policy\u201d<\/span>.<\/p>\n<p>\u00a0<\/p>\n<p><strong>Modalit\u00e0 e Durata del trattamento<\/strong><br \/>I dati, insieme alle informazioni relative all\u2019ordine, saranno conservati per il tempo necessario a fornire assistenza e supporto in caso di reso e\/o risolvere qualsiasi problema relativo all\u2019ordine e, in genere, per la gestione ed esecuzione del rapporto contrattuale e dei relativi adempimenti ad obblighi previsti da leggi, da regolamenti, dalla normativa comunitaria, nonch\u00e9 dalle istruzioni predisposte dalle autorit\u00e0 e dagli organi di vigilanza.<\/p>\n<p>\u00a0<\/p>\n<p><strong>Diritti di cui agli Artt. 7 del Codice e 15,16, 17, 18, 20 e 21 del Regolamento:<\/strong><br \/>I soggetti cui si riferiscono i dati personali hanno il diritto in qualunque momento di ottenere la conferma dell\u2019esistenza o meno dei medesimi dati e la conferma che sia o meno in corso un trattamento degli stessi, di conoscerne il contenuto e l\u2019origine, verificarne l\u2019esattezza o chiedere di integrarli, aggiornarli, oppure rettificarli. Inoltre, hanno il diritto di chiedere la cancellazione, la trasformazione in forma anonima o il blocco dei dati trattati in violazione di legge, nonch\u00e9 di opporsi in ogni caso, per motivi legittimi, al loro trattamento.<\/p>\n<p>Le richieste devono essere rivolte a GME Distribuzione S.r.l. con Via Miliscola 378 \u2013 80078 Pozzuoli (NA), nella persona del Responsabile della protezione dei Dati (c.d. Data protection officer DPO), inviando una mail all\u2019indirizzo e-mail: info@enotecamerone.it<\/p>\n<p>Si segnala inoltre che l\u2019interessato ha il diritto di revocare il consenso in qualsiasi momento senza pregiudicare la liceit\u00e0 del trattamento basata sul consenso prestato prima della revoca, fermo restando le conseguenze sotto indicate in merito ad un eventuale rifiuto a fornire tali dati personali.<\/p>\n<p>L\u2019interessato ha inoltre il diritto di proporre un reclamo ad un\u2019Autorit\u00e0 di Garante per la privacy. Il conferimento dei dati \u00e8 facoltativo. Tuttavia, un eventuale mancato conferimento dei dati richiesti potr\u00e0 comportare l\u2019impossibilit\u00e0 di instaurare o proseguire, in tutto o in parte, il rapporto contrattuale e di dare seguito alle richieste di erogazione dei servizi.<\/p>\t\t\t\t\t\t\t\t<\/div>\n\t\t\t\t<\/div>\n\t\t\t\t\t<\/div>\n\t\t\t\t<\/div>\t\t<\/div>\n\t\t","protected":false},"excerpt":{"rendered":"<p>Termini e Condizioni Propriet\u00e0 intellettualeI marchi, i nomi, i contenuti testuali e grafici, le illustrazioni e le immagini riprodotte sul Sito non possono essere utilizzati se non in ambito esclusivamente privato. Ogni riproduzione totale o parziale del Sito \u00e8 severamente vietata, e dall\u2019accesso al Sito o dall\u2019acquisto dei Prodotti non deriva nessun diritto sui contenuti e marchi riprodotti sul Sito stesso. \u00a0 Articoli ed immagini on-lineLa societ\u00e0 GME Distribuzione S.r.l.\u00a0declina ogni responsabilit\u00e0 circa la possibilit\u00e0 che, a causa di una particolare configurazione del computer utilizzato dal Cliente o di un suo malfunzionamento, i colori dei prodotti visualizzati sul sito presentino leggere differenze rispetto a quelli originali. Le immagini contenute sul sito www.enotecamerone.it sono di esclusiva propriet\u00e0 di GME Distribuzione S.r.l. e ogni utilizzo di tali immagini, non autorizzato da un consenso scritto della societ\u00e0 GME Distribuzione S.r.l., sar\u00e0 perseguito a norma di legge. Per maggiori informazioni contattare: info@enotecamerone.it \u00a0 Trattamento dei dati personaliInformativa sul trattamento dei dati personali ai sensi dell\u2019art. 13 del Regolamento Europeo n.679\/2016 relativo alla protezione delle persone fisiche con riguardo al trattamento dei dati personali (GDPR) e dell\u2019art. 13 D.lgs 196\/2003 \u2013 Codice in materia di protezione dei dati personali. \u00a0 Titolare del TrattamentoTitolare del trattamento dei dati personali del partecipante \u00e8 la GME Distribuzione S.r.l. con Via Miliscola 378 \u2013 80078 Pozzuoli (NA) Il Titolare del trattamento garantisce la massima riservatezza nel trattamento dei dati personali, in conformit\u00e0 a quanto stabilito dalla normativa vigente in materia di protezione dei dati personali. Specifiche misure di sicurezza sono osservate per prevenire la perdita dei dati, usi illeciti o non concessi ed accessi non autorizzati. \u00a0 Finalit\u00e0 del trattamentoI dati personali dell\u2019interessato saranno trattati per finalit\u00e0 strettamente connesse all\u2019acquisto del prodotto. In particolare: a) gestione ed esecuzione del rapporto contrattuale e dei relativi adempimenti; b) adempimento ad obblighi previsti da leggi, da regolamenti, dalla normativa comunitaria, nonch\u00e9 dalle istruzioni predisposte dalle autorit\u00e0 e dagli organi di vigilanza. \u00a0 Destinatari del trattamentoI dati non saranno diffusi e potranno essere conosciuti, nei limiti necessari e per le finalit\u00e0 indicate, da dipendenti e collaboratori, in quanto incaricati o responsabili, nonch\u00e9 comunicati a soggetti esterni, quali ad esempio societ\u00e0 appartenenti al gruppo GME Distribuzione S.r.l. in Italia e in Europa, fornitori, corrieri, istituti bancari e societ\u00e0 che trattano dati per conto del titolare e di cui GME Distribuzione S.r.l. potrebbe avvalersi nell\u2019ambito della gestione del rapporto contrattuale e del servizio fornito ovvero per esigenze organizzative della propria attivit\u00e0. Tali soggetti sono stati nominati responsabili del trattamento. Il Titolare assicura sin d\u2019ora che l\u2019eventuale trasferimento dei dati extra-UE avverr\u00e0 in conformit\u00e0 all\u2019 art. 44 ss. del Regolamento ed alle disposizioni di legge applicabili stipulando, se necessario, accordi che garantiscano un livello di protezione adeguato. \u00a0 Tipologia di dati trattatiIl Titolare tratta i dati personali necessari all\u2019acquisto del prodotto in particolare nome e cognome, dati di contatto quali indirizzo e-mail e numero di cellulare, indirizzo di residenza o domicilio. Il Titolare potr\u00e0 inoltre salvare i cookies, come descritto pi\u00f9 dettagliatamente nella sezione\u00a0\u201cPrivacy Policy\u201d. \u00a0 Modalit\u00e0 e Durata del trattamentoI dati, insieme alle informazioni relative all\u2019ordine, saranno conservati per il tempo necessario a fornire assistenza e supporto in caso di reso e\/o risolvere qualsiasi problema relativo all\u2019ordine e, in genere, per la gestione ed esecuzione del rapporto contrattuale e dei relativi adempimenti ad obblighi previsti da leggi, da regolamenti, dalla normativa comunitaria, nonch\u00e9 dalle istruzioni predisposte dalle autorit\u00e0 e dagli organi di vigilanza. \u00a0 Diritti di cui agli Artt. 7 del Codice e 15,16, 17, 18, 20 e 21 del Regolamento:I soggetti cui si riferiscono i dati personali hanno il diritto in qualunque momento di ottenere la conferma dell\u2019esistenza o meno dei medesimi dati e la conferma che sia o meno in corso un trattamento degli stessi, di conoscerne il contenuto e l\u2019origine, verificarne l\u2019esattezza o chiedere di integrarli, aggiornarli, oppure rettificarli. Inoltre, hanno il diritto di chiedere la cancellazione, la trasformazione in forma anonima o il blocco dei dati trattati in violazione di legge, nonch\u00e9 di opporsi in ogni caso, per motivi legittimi, al loro trattamento. Le richieste devono essere rivolte a GME Distribuzione S.r.l. con Via Miliscola 378 \u2013 80078 Pozzuoli (NA), nella persona del Responsabile della protezione dei Dati (c.d. Data protection officer DPO), inviando una mail all\u2019indirizzo e-mail: info@enotecamerone.it Si segnala inoltre che l\u2019interessato ha il diritto di revocare il consenso in qualsiasi momento senza pregiudicare la liceit\u00e0 del trattamento basata sul consenso prestato prima della revoca, fermo restando le conseguenze sotto indicate in merito ad un eventuale rifiuto a fornire tali dati personali. L\u2019interessato ha inoltre il diritto di proporre un reclamo ad un\u2019Autorit\u00e0 di Garante per la privacy. Il conferimento dei dati \u00e8 facoltativo. Tuttavia, un eventuale mancato conferimento dei dati richiesti potr\u00e0 comportare l\u2019impossibilit\u00e0 di instaurare o proseguire, in tutto o in parte, il rapporto contrattuale e di dare seguito alle richieste di erogazione dei servizi.<\/p>\n","protected":false},"author":1,"featured_media":0,"parent":0,"menu_order":0,"comment_status":"closed","ping_status":"closed","template":"","meta":{"_joinchat":[],"footnotes":""},"class_list":["post-7664","page","type-page","status-publish","hentry"],"acf":[],"_links":{"self":[{"href":"https:\/\/gme.axemalab.com\/index.php?rest_route=\/wp\/v2\/pages\/7664","targetHints":{"allow":["GET"]}}],"collection":[{"href":"https:\/\/gme.axemalab.com\/index.php?rest_route=\/wp\/v2\/pages"}],"about":[{"href":"https:\/\/gme.axemalab.com\/index.php?rest_route=\/wp\/v2\/types\/page"}],"author":[{"embeddable":true,"href":"https:\/\/gme.axemalab.com\/index.php?rest_route=\/wp\/v2\/users\/1"}],"replies":[{"embeddable":true,"href":"https:\/\/gme.axemalab.com\/index.php?rest_route=%2Fwp%2Fv2%2Fcomments&post=7664"}],"version-history":[{"count":6,"href":"https:\/\/gme.axemalab.com\/index.php?rest_route=\/wp\/v2\/pages\/7664\/revisions"}],"predecessor-version":[{"id":36843,"href":"https:\/\/gme.axemalab.com\/index.php?rest_route=\/wp\/v2\/pages\/7664\/revisions\/36843"}],"wp:attachment":[{"href":"https:\/\/gme.axemalab.com\/index.php?rest_route=%2Fwp%2Fv2%2Fmedia&parent=7664"}],"curies":[{"name":"wp","href":"https:\/\/api.w.org\/{rel}","templated":true}]}}